{"id":512,"date":"2023-12-07T18:09:33","date_gmt":"2023-12-07T17:09:33","guid":{"rendered":"https:\/\/www.grupourbanis.com\/?page_id=512"},"modified":"2023-12-07T18:13:05","modified_gmt":"2023-12-07T17:13:05","slug":"qui-nous-sommes","status":"publish","type":"page","link":"https:\/\/www.grupourbanis.com\/?page_id=512&lang=fr","title":{"rendered":"Qui nous sommes"},"content":{"rendered":"\n<p class=\"has-text-align-center\">\u00abNotre mission est d&#8217;offrir \u00e0 nos clients les meilleurs services immobiliers, en leur proposant des solutions personnalis\u00e9es qui r\u00e9pondent \u00e0 leurs besoins et \u00e0 leurs attentes. Nous nous effor\u00e7ons d&#8217;\u00eatre les leaders du march\u00e9, en aidant les particuliers \u00e0 trouver la maison de leurs r\u00eaves et les investisseurs \u00e0 maximiser leurs opportunit\u00e9s immobili\u00e8res. Notre objectif est de rendre le processus d&#8217;achat, de vente ou d&#8217;investissement immobilier fluide, transparent et satisfaisant\u00bb.<br><\/p>\n\n\n\n<p class=\"has-text-align-center\">Les valeurs fondamentales qui guident nos actions :<\/p>\n\n\n\n<ol class=\"wp-block-list\">\n<li>l&#8217;int\u00e9grit\u00e9 : nous agissons avec honn\u00eatet\u00e9 et transparence dans toutes nos transactions, en respectant les normes \u00e9thiques les plus \u00e9lev\u00e9es dans chaque interaction.<\/li>\n\n\n\n<li>Engagement envers le client : Nos clients sont notre priorit\u00e9 et nous nous effor\u00e7ons de d\u00e9passer leurs attentes en leur offrant un service de qualit\u00e9 et un soutien personnalis\u00e9 \u00e0 tout moment.<\/li>\n\n\n\n<li>Excellence et professionnalisme : nous visons l&#8217;excellence dans tout ce que nous faisons. Notre \u00e9quipe est compos\u00e9e de professionnels hautement qualifi\u00e9s qui s&#8217;efforcent de se tenir au courant des tendances et des \u00e9volutions du march\u00e9 immobilier.<\/li>\n\n\n\n<li>Innovation : nous adoptons l&#8217;innovation et la technologie pour am\u00e9liorer l&#8217;efficacit\u00e9 et fournir des solutions cr\u00e9atives \u00e0 nos clients.<\/li>\n\n\n\n<li>Responsabilit\u00e9 sociale et environnementale : nous sommes conscients de notre impact sur la communaut\u00e9 et l&#8217;environnement. Nous cherchons \u00e0 exercer notre responsabilit\u00e9 sociale et \u00e0 promouvoir des pratiques durables dans le cadre de nos activit\u00e9s.<\/li>\n\n\n\n<li>Travail d&#8217;\u00e9quipe : nous favorisons un environnement de collaboration et de respect mutuel entre nos employ\u00e9s, nos clients et nos partenaires commerciaux. Nous croyons au pouvoir du travail d&#8217;\u00e9quipe pour atteindre le succ\u00e8s.<\/li>\n\n\n\n<li>Adaptabilit\u00e9 : nous sommes pr\u00eats \u00e0 nous adapter aux changements du march\u00e9 et aux besoins changeants de nos clients. Nous gardons l&#8217;esprit ouvert et sommes pr\u00eats \u00e0 relever de nouveaux d\u00e9fis.<\/li>\n<\/ol>\n\n\n\n<p class=\"has-text-align-center\">Notre trajectoire nous conforte en tant qu&#8217;entreprise de plus de 15 ans dans le secteur :<br>Pays Basque, Mal\u00e1ga, Costa del Sol et Cadiz.<\/p>\n","protected":false},"excerpt":{"rendered":"<p>\u00abNotre mission est d&#8217;offrir \u00e0 nos clients les meilleurs services immobiliers, en leur proposant des solutions personnalis\u00e9es qui r\u00e9pondent \u00e0 leurs besoins et \u00e0 leurs attentes. Nous nous effor\u00e7ons d&#8217;\u00eatre les leaders du march\u00e9, en aidant les particuliers \u00e0 trouver la maison de leurs r\u00eaves et les investisseurs \u00e0 maximiser leurs opportunit\u00e9s immobili\u00e8res. Notre objectif &hellip; <a href=\"https:\/\/www.grupourbanis.com\/?page_id=512&#038;lang=fr\" class=\"more-link\">Sigue leyendo <span class=\"screen-reader-text\">Qui nous sommes<\/span><\/a><\/p>\n","protected":false},"author":1,"featured_media":509,"parent":0,"menu_order":0,"comment_status":"closed","ping_status":"closed","template":"","meta":{"_monsterinsights_skip_tracking":false,"_monsterinsights_sitenote_active":false,"_monsterinsights_sitenote_note":"","_monsterinsights_sitenote_category":0,"footnotes":""},"class_list":["post-512","page","type-page","status-publish","has-post-thumbnail","hentry"],"aioseo_notices":[],"jetpack_sharing_enabled":true,"amp_enabled":true,"_links":{"self":[{"href":"https:\/\/www.grupourbanis.com\/index.php?rest_route=\/wp\/v2\/pages\/512","targetHints":{"allow":["GET"]}}],"collection":[{"href":"https:\/\/www.grupourbanis.com\/index.php?rest_route=\/wp\/v2\/pages"}],"about":[{"href":"https:\/\/www.grupourbanis.com\/index.php?rest_route=\/wp\/v2\/types\/page"}],"author":[{"embeddable":true,"href":"https:\/\/www.grupourbanis.com\/index.php?rest_route=\/wp\/v2\/users\/1"}],"replies":[{"embeddable":true,"href":"https:\/\/www.grupourbanis.com\/index.php?rest_route=%2Fwp%2Fv2%2Fcomments&post=512"}],"version-history":[{"count":3,"href":"https:\/\/www.grupourbanis.com\/index.php?rest_route=\/wp\/v2\/pages\/512\/revisions"}],"predecessor-version":[{"id":517,"href":"https:\/\/www.grupourbanis.com\/index.php?rest_route=\/wp\/v2\/pages\/512\/revisions\/517"}],"wp:featuredmedia":[{"embeddable":true,"href":"https:\/\/www.grupourbanis.com\/index.php?rest_route=\/wp\/v2\/media\/509"}],"wp:attachment":[{"href":"https:\/\/www.grupourbanis.com\/index.php?rest_route=%2Fwp%2Fv2%2Fmedia&parent=512"}],"curies":[{"name":"wp","href":"https:\/\/api.w.org\/{rel}","templated":true}]}}