{"id":445,"date":"2023-10-25T09:05:21","date_gmt":"2023-10-25T08:05:21","guid":{"rendered":"http:\/\/www.grupourbanis.com\/?page_id=445"},"modified":"2023-10-25T09:08:16","modified_gmt":"2023-10-25T08:08:16","slug":"financement-du-projet","status":"publish","type":"page","link":"https:\/\/www.grupourbanis.com\/?page_id=445&lang=fr","title":{"rendered":"Financement du projet"},"content":{"rendered":"\n<p class=\"has-text-align-center\"><strong>Nous vous aidons \u00e0 trouver un financement pour vos projets immobiliers.<\/strong><\/p>\n\n\n\n<p class=\"has-text-align-center\"><br>Comment fonctionne le financement des projets immobiliers ?<\/p>\n\n\n\n<ol class=\"wp-block-list\">\n<li>Fonds propres : les promoteurs immobiliers commencent souvent par apporter leurs propres fonds propres ou ceux des investisseurs initiaux. Ces fonds propres servent de point de d\u00e9part au projet et t\u00e9moignent de l&#8217;engagement financier du promoteur.<\/li>\n\n\n\n<li>Pr\u00eats bancaires : les pr\u00eats accord\u00e9s par les banques et autres institutions financi\u00e8res constituent une source courante de financement des projets immobiliers. Il peut s&#8217;agir de pr\u00eats \u00e0 court terme pour financer l&#8217;achat d&#8217;un terrain ou de pr\u00eats \u00e0 long terme pour financer la construction. Les banques \u00e9valuent la viabilit\u00e9 du projet et la solidit\u00e9 financi\u00e8re du promoteur avant d&#8217;approuver un pr\u00eat.<\/li>\n\n\n\n<li>Investisseurs priv\u00e9s : les promoteurs peuvent rechercher des investisseurs priv\u00e9s ou des groupes d&#8217;investissement int\u00e9ress\u00e9s par des projets immobiliers. Ces investisseurs fournissent des capitaux en \u00e9change d&#8217;une part des b\u00e9n\u00e9fices du projet. La structure de l&#8217;investissement et les taux de rendement peuvent varier en fonction de l&#8217;accord.<\/li>\n\n\n\n<li>Partenariats de d\u00e9veloppement : Parfois, des partenariats de d\u00e9veloppement sont \u00e9tablis dans lesquels plusieurs investisseurs ou d\u00e9veloppeurs participent \u00e0 un projet en partageant les risques et les b\u00e9n\u00e9fices.<\/li>\n\n\n\n<li>Le crowdfunding immobilier : il s&#8217;agit d&#8217;une option relativement nouvelle qui consiste \u00e0 utiliser des plateformes en ligne pour collecter des fonds aupr\u00e8s d&#8217;une multitude d&#8217;investisseurs pour des projets immobiliers. Chaque investisseur apporte une petite contribution et, ensemble, ils financent le projet. Les investisseurs partagent les b\u00e9n\u00e9fices ou les rendements du projet.<\/li>\n\n\n\n<li>Fonds d&#8217;investissement immobilier : les fonds d&#8217;investissement immobilier permettent aux investisseurs d&#8217;acheter des parts d&#8217;un fonds qui investit dans divers projets immobiliers. Cela permet aux investisseurs de b\u00e9n\u00e9ficier d&#8217;une diversification et d&#8217;une liquidit\u00e9.<\/li>\n\n\n\n<li>Obligations immobili\u00e8res : certains projets \u00e9mettent des obligations immobili\u00e8res que les investisseurs peuvent acheter. Ces obligations repr\u00e9sentent une dette \u00e9mise par le projet et rapportent des int\u00e9r\u00eats aux investisseurs.<\/li>\n\n\n\n<li>Aides et subventions publiques : dans certains cas, les autorit\u00e9s locales ou nationales offrent des aides ou des incitations fiscales pour les projets immobiliers qui contribuent au d\u00e9veloppement \u00e9conomique de la r\u00e9gion, comme la cr\u00e9ation d&#8217;emplois ou de logements abordables.<\/li>\n\n\n\n<li>Financement par contrat de vente : Le financement par contrat de vente est parfois utilis\u00e9 pour le d\u00e9veloppement de communaut\u00e9s ou de projets r\u00e9sidentiels. Dans ce cas, les acheteurs de biens immobiliers effectuent des paiements directs au promoteur au fil du temps, plut\u00f4t que d&#8217;obtenir un pr\u00eat hypoth\u00e9caire aupr\u00e8s d&#8217;une banque.<\/li>\n\n\n\n<li>Capital-risque : Pour les projets immobiliers plus risqu\u00e9s ou innovants, les investisseurs en capital-risque peuvent \u00eatre dispos\u00e9s \u00e0 investir. Ces investisseurs ont tendance \u00e0 rechercher des projets \u00e0 fort potentiel de croissance et sont pr\u00eats \u00e0 prendre des risques plus importants.<\/li>\n<\/ol>\n\n\n\n<p>Il est important de noter que la structure de financement varie en fonction du projet, du march\u00e9 immobilier et de la situation g\u00e9ographique. Les promoteurs doivent \u00e9valuer soigneusement les sources de financement disponibles et choisir celle qui correspond le mieux aux besoins et aux risques de leur projet. Des conseils juridiques et financiers sont \u00e9galement indispensables pour s&#8217;assurer que toutes les transactions et tous les accords sont appropri\u00e9s et conformes aux r\u00e9glementations locales.<br><\/p>\n\n\n\n<p class=\"has-text-align-center\"><strong>NOUS VOUS AIDONS ET VOUS CONSEILLONS. NOUS AVONS DIFF\u00c9RENTS INVESTISSEURS POUR LES PROJETS IMMOBILIERS<\/strong><\/p>\n\n\n\n<figure class=\"wp-block-gallery has-nested-images columns-default is-cropped wp-block-gallery-1 is-layout-flex wp-block-gallery-is-layout-flex\">\n<figure class=\"wp-block-image size-large\"><img loading=\"lazy\" decoding=\"async\" width=\"640\" height=\"360\" data-id=\"449\" src=\"http:\/\/www.grupourbanis.com\/wp-content\/uploads\/2023\/10\/villa-2375137_640-2.jpg\" alt=\"\" class=\"wp-image-449\" srcset=\"https:\/\/www.grupourbanis.com\/wp-content\/uploads\/2023\/10\/villa-2375137_640-2.jpg 640w, https:\/\/www.grupourbanis.com\/wp-content\/uploads\/2023\/10\/villa-2375137_640-2-300x169.jpg 300w\" sizes=\"auto, (max-width: 640px) 100vw, 640px\" \/><\/figure>\n\n\n\n<figure class=\"wp-block-image size-large\"><img loading=\"lazy\" decoding=\"async\" width=\"640\" height=\"282\" data-id=\"450\" src=\"http:\/\/www.grupourbanis.com\/wp-content\/uploads\/2023\/10\/financing-3536752_640-3.jpg\" alt=\"\" class=\"wp-image-450\" srcset=\"https:\/\/www.grupourbanis.com\/wp-content\/uploads\/2023\/10\/financing-3536752_640-3.jpg 640w, https:\/\/www.grupourbanis.com\/wp-content\/uploads\/2023\/10\/financing-3536752_640-3-300x132.jpg 300w\" sizes=\"auto, (max-width: 640px) 100vw, 640px\" \/><\/figure>\n<\/figure>\n","protected":false},"excerpt":{"rendered":"<p>Nous vous aidons \u00e0 trouver un financement pour vos projets immobiliers. Comment fonctionne le financement des projets immobiliers ? Il est important de noter que la structure de financement varie en fonction du projet, du march\u00e9 immobilier et de la situation g\u00e9ographique. Les promoteurs doivent \u00e9valuer soigneusement les sources de financement disponibles et choisir celle &hellip; <a href=\"https:\/\/www.grupourbanis.com\/?page_id=445&#038;lang=fr\" class=\"more-link\">Sigue leyendo <span class=\"screen-reader-text\">Financement du projet<\/span><\/a><\/p>\n","protected":false},"author":1,"featured_media":427,"parent":0,"menu_order":0,"comment_status":"closed","ping_status":"closed","template":"","meta":{"_monsterinsights_skip_tracking":false,"_monsterinsights_sitenote_active":false,"_monsterinsights_sitenote_note":"","_monsterinsights_sitenote_category":0,"footnotes":""},"class_list":["post-445","page","type-page","status-publish","has-post-thumbnail","hentry"],"aioseo_notices":[],"jetpack_sharing_enabled":true,"amp_enabled":true,"_links":{"self":[{"href":"https:\/\/www.grupourbanis.com\/index.php?rest_route=\/wp\/v2\/pages\/445","targetHints":{"allow":["GET"]}}],"collection":[{"href":"https:\/\/www.grupourbanis.com\/index.php?rest_route=\/wp\/v2\/pages"}],"about":[{"href":"https:\/\/www.grupourbanis.com\/index.php?rest_route=\/wp\/v2\/types\/page"}],"author":[{"embeddable":true,"href":"https:\/\/www.grupourbanis.com\/index.php?rest_route=\/wp\/v2\/users\/1"}],"replies":[{"embeddable":true,"href":"https:\/\/www.grupourbanis.com\/index.php?rest_route=%2Fwp%2Fv2%2Fcomments&post=445"}],"version-history":[{"count":3,"href":"https:\/\/www.grupourbanis.com\/index.php?rest_route=\/wp\/v2\/pages\/445\/revisions"}],"predecessor-version":[{"id":452,"href":"https:\/\/www.grupourbanis.com\/index.php?rest_route=\/wp\/v2\/pages\/445\/revisions\/452"}],"wp:featuredmedia":[{"embeddable":true,"href":"https:\/\/www.grupourbanis.com\/index.php?rest_route=\/wp\/v2\/media\/427"}],"wp:attachment":[{"href":"https:\/\/www.grupourbanis.com\/index.php?rest_route=%2Fwp%2Fv2%2Fmedia&parent=445"}],"curies":[{"name":"wp","href":"https:\/\/api.w.org\/{rel}","templated":true}]}}