{"id":392,"date":"2023-10-18T16:43:38","date_gmt":"2023-10-18T15:43:38","guid":{"rendered":"http:\/\/www.grupourbanis.com\/?page_id=392"},"modified":"2023-12-07T18:00:27","modified_gmt":"2023-12-07T17:00:27","slug":"pr","status":"publish","type":"page","link":"https:\/\/www.grupourbanis.com\/?page_id=392&lang=fr","title":{"rendered":"Projets immobiliers"},"content":{"rendered":"\n<p>Les projets immobiliers sont des efforts strat\u00e9giques et planifi\u00e9s qui impliquent d&#8217;investir dans l&#8217;immobilier dans le but de g\u00e9n\u00e9rer de la valeur et des opportunit\u00e9s financi\u00e8res. Ces projets peuvent prendre diverses formes, du d\u00e9veloppement de nouvelles constructions \u00e0 la r\u00e9novation de propri\u00e9t\u00e9s existantes, en passant par l&#8217;achat et la vente de terrains et la gestion de propri\u00e9t\u00e9s \u00e0 des fins de location ou d&#8217;investissement \u00e0 long terme. Chez Grupo Urbanis, nous sommes fiers d&#8217;offrir une vari\u00e9t\u00e9 de projets immobiliers soigneusement s\u00e9lectionn\u00e9s qui pr\u00e9sentent des opportunit\u00e9s uniques pour les investisseurs et les acheteurs. <\/p>\n\n\n\n<p class=\"has-text-align-center\"><strong>Types de projets immobiliers&nbsp;: <\/strong><\/p>\n\n\n\n<p>D\u00e9veloppements r\u00e9sidentiels&nbsp;: Ces projets impliquent la construction de nouvelles maisons, telles que des appartements, des villas ou des communaut\u00e9s r\u00e9sidentielles, con\u00e7ues pour r\u00e9pondre aux besoins des familles et des individus. <\/p>\n\n\n\n<p>Projets commerciaux&nbsp;: ils comprennent le d\u00e9veloppement ou l&#8217;investissement dans des propri\u00e9t\u00e9s commerciales, telles que des bureaux, des centres commerciaux, des locaux commerciaux et d&#8217;autres espaces destin\u00e9s aux activit\u00e9s commerciales et commerciales. <\/p>\n\n\n\n<p>Projets d&#8217;investissement : ils se concentrent sur l&#8217;acquisition de propri\u00e9t\u00e9s dans le but d&#8217;obtenir des revenus passifs gr\u00e2ce \u00e0 la location ou \u00e0 un investissement \u00e0 long terme, en mettant l&#8217;accent sur l&#8217;appr\u00e9ciation de la valeur. <\/p>\n\n\n\n<p>Modifications&nbsp;:&nbsp;r\u00e9novation de propri\u00e9t\u00e9s existantes pour am\u00e9liorer leur valeur et leur fonctionnalit\u00e9, ce qui peut inclure la modernisation des b\u00e2timents ou la conversion de propri\u00e9t\u00e9s \u00e0 de nouvelles utilisations. <\/p>\n\n\n\n<p class=\"has-text-align-center\"><strong>Avantages d\u2019investir dans des projets immobiliers&nbsp;:<\/strong><\/p>\n\n\n\n<p>G\u00e9n\u00e9ration de revenus passifs&nbsp;: les projets immobiliers offrent souvent des opportunit\u00e9s de revenus passifs gr\u00e2ce \u00e0 la location de propri\u00e9t\u00e9s. <\/p>\n\n\n\n<p>Appr\u00e9ciation de la valeur&nbsp;: les propri\u00e9t\u00e9s ont tendance \u00e0 prendre de la valeur avec le temps, ce qui peut entra\u00eener des gains importants \u00e0 long terme. <\/p>\n\n\n\n<p>Diversification des investissements : Investir dans des projets immobiliers peut \u00eatre un moyen solide de diversifier un portefeuille d\u2019investissement. <\/p>\n\n\n\n<p>Contr\u00f4le et personnalisation : les investisseurs ont le contr\u00f4le de la gestion et de la personnalisation de leurs propri\u00e9t\u00e9s. <\/p>\n\n\n\n<p class=\"has-text-align-center\"><strong>\u00c9crivez-nous \u00e0 email: proyectos@grupourbanis.com<\/strong><\/p>\n\n\n<div class=\"wp-block-image\">\n<figure class=\"aligncenter size-full is-resized\"><img loading=\"lazy\" decoding=\"async\" width=\"300\" height=\"227\" src=\"http:\/\/www.grupourbanis.com\/wp-content\/uploads\/2023\/10\/image-1.png\" alt=\"\" class=\"wp-image-397\" style=\"aspect-ratio:1.3215859030837005;width:96px;height:auto\"\/><\/figure>\n<\/div>","protected":false},"excerpt":{"rendered":"<p>Les projets immobiliers sont des efforts strat\u00e9giques et planifi\u00e9s qui impliquent d&#8217;investir dans l&#8217;immobilier dans le but de g\u00e9n\u00e9rer de la valeur et des opportunit\u00e9s financi\u00e8res. Ces projets peuvent prendre diverses formes, du d\u00e9veloppement de nouvelles constructions \u00e0 la r\u00e9novation de propri\u00e9t\u00e9s existantes, en passant par l&#8217;achat et la vente de terrains et la gestion &hellip; <a href=\"https:\/\/www.grupourbanis.com\/?page_id=392&#038;lang=fr\" class=\"more-link\">Sigue leyendo <span class=\"screen-reader-text\">Projets immobiliers<\/span><\/a><\/p>\n","protected":false},"author":1,"featured_media":502,"parent":0,"menu_order":0,"comment_status":"closed","ping_status":"closed","template":"","meta":{"_monsterinsights_skip_tracking":false,"_monsterinsights_sitenote_active":false,"_monsterinsights_sitenote_note":"","_monsterinsights_sitenote_category":0,"footnotes":""},"class_list":["post-392","page","type-page","status-publish","has-post-thumbnail","hentry"],"aioseo_notices":[],"jetpack_sharing_enabled":true,"amp_enabled":true,"_links":{"self":[{"href":"https:\/\/www.grupourbanis.com\/index.php?rest_route=\/wp\/v2\/pages\/392","targetHints":{"allow":["GET"]}}],"collection":[{"href":"https:\/\/www.grupourbanis.com\/index.php?rest_route=\/wp\/v2\/pages"}],"about":[{"href":"https:\/\/www.grupourbanis.com\/index.php?rest_route=\/wp\/v2\/types\/page"}],"author":[{"embeddable":true,"href":"https:\/\/www.grupourbanis.com\/index.php?rest_route=\/wp\/v2\/users\/1"}],"replies":[{"embeddable":true,"href":"https:\/\/www.grupourbanis.com\/index.php?rest_route=%2Fwp%2Fv2%2Fcomments&post=392"}],"version-history":[{"count":5,"href":"https:\/\/www.grupourbanis.com\/index.php?rest_route=\/wp\/v2\/pages\/392\/revisions"}],"predecessor-version":[{"id":503,"href":"https:\/\/www.grupourbanis.com\/index.php?rest_route=\/wp\/v2\/pages\/392\/revisions\/503"}],"wp:featuredmedia":[{"embeddable":true,"href":"https:\/\/www.grupourbanis.com\/index.php?rest_route=\/wp\/v2\/media\/502"}],"wp:attachment":[{"href":"https:\/\/www.grupourbanis.com\/index.php?rest_route=%2Fwp%2Fv2%2Fmedia&parent=392"}],"curies":[{"name":"wp","href":"https:\/\/api.w.org\/{rel}","templated":true}]}}