{"id":380,"date":"2023-10-18T16:02:49","date_gmt":"2023-10-18T15:02:49","guid":{"rendered":"http:\/\/www.grupourbanis.com\/?page_id=380"},"modified":"2023-12-07T17:55:32","modified_gmt":"2023-12-07T16:55:32","slug":"investissements-immobiliers","status":"publish","type":"page","link":"https:\/\/www.grupourbanis.com\/?page_id=380&lang=fr","title":{"rendered":"Investissements immobiliers"},"content":{"rendered":"\n<p class=\"has-text-align-center\"><strong>\u00abVotre chemin vers la r\u00e9ussite financi\u00e8re\u00bb<\/strong><\/p>\n\n\n\n<p>Bienvenue au Grupo Urbanis et dans un monde passionnant d&#8217;opportunit\u00e9s d&#8217;investissement immobilier. Au Grupo Urbanis, nous comprenons que l&#8217;investissement dans l&#8217;immobilier peut \u00eatre une strat\u00e9gie financi\u00e8re saine et s\u00fbre. Notre mission est de vous fournir les connaissances et les conseils dont vous avez besoin pour faire de vos investissements immobiliers un succ\u00e8s.<\/p>\n\n\n\n<p class=\"has-text-align-center\"><strong>Qu&#8217;est-ce qu&#8217;un investissement immobilier ?<\/strong><\/p>\n\n\n\n<p><br>Les investissements immobiliers impliquent l&#8217;acquisition de biens immobiliers dans le but de g\u00e9n\u00e9rer des revenus, de r\u00e9aliser des b\u00e9n\u00e9fices \u00e0 long terme ou de diversifier le portefeuille. Ces investissements peuvent prendre diverses formes, telles que l&#8217;achat d&#8217;appartements, de maisons, de b\u00e2timents commerciaux, de terrains, etc. Les investisseurs peuvent percevoir des revenus gr\u00e2ce \u00e0 la location de biens immobiliers, \u00e0 l&#8217;appr\u00e9ciation de leur valeur au fil du temps et, dans certains cas, \u00e0 la r\u00e9novation et \u00e0 la revente de biens immobiliers.<\/p>\n\n\n\n<p class=\"has-text-align-center\"><strong>Pourquoi investir dans l&#8217;immobilier ?<\/strong><\/p>\n\n\n\n<p><br>Les investissements immobiliers offrent plusieurs avantages :<\/p>\n\n\n\n<ol class=\"wp-block-list\">\n<li>flux de tr\u00e9sorerie passif : les loyers g\u00e9n\u00e8rent des revenus r\u00e9currents, ce qui constitue une source de flux de tr\u00e9sorerie passif.<\/li>\n\n\n\n<li>Appr\u00e9ciation de la valeur : les biens immobiliers prennent souvent de la valeur au fil du temps, ce qui peut se traduire par des gains importants \u00e0 long terme.<\/li>\n\n\n\n<li>Diversification du portefeuille : les investissements immobiliers peuvent constituer un compl\u00e9ment solide \u00e0 un portefeuille d&#8217;investissement diversifi\u00e9.<\/li>\n\n\n\n<li>Contr\u00f4le de vos investissements : Vous pouvez prendre des d\u00e9cisions actives concernant vos biens immobiliers, de la s\u00e9lection \u00e0 la gestion.<\/li>\n<\/ol>\n\n\n\n<p class=\"has-text-align-center\"><strong>Comment investir avec nous :<\/strong><\/p>\n\n\n\n<p><br>Le Grupo Urbanis vous offre des possibilit\u00e9s d&#8217;investissement immobilier sur mesure, con\u00e7ues pour r\u00e9pondre \u00e0 vos objectifs financiers. Nos services comprennent<\/p>\n\n\n\n<ol class=\"wp-block-list\">\n<li>un conseil personnalis\u00e9 : notre \u00e9quipe d&#8217;experts vous guidera tout au long du processus, en vous aidant \u00e0 identifier les meilleures opportunit\u00e9s d&#8217;investissement en fonction de votre profil et de vos objectifs.<\/li>\n\n\n\n<li>la s\u00e9lection des biens immobiliers : Nous vous proposons une s\u00e9lection minutieuse de biens immobiliers situ\u00e9s dans des endroits strat\u00e9giques qui pr\u00e9sentent un potentiel de croissance de la valeur et des rendements locatifs \u00e9lev\u00e9s.<\/li>\n\n\n\n<li>Gestion immobili\u00e8re : si vous le souhaitez, nous pouvons prendre en charge la gestion de votre bien, afin de vous garantir un retour sur investissement maximal.<\/li>\n\n\n\n<li>Mises \u00e0 jour r\u00e9guli\u00e8res : nous vous tiendrons inform\u00e9 des performances de vos investissements et du march\u00e9 immobilier en g\u00e9n\u00e9ral.<\/li>\n<\/ol>\n\n\n\n<p class=\"has-text-align-center\"><strong>Commencez votre voyage d&#8217;investissement immobilier :<\/strong><\/p>\n\n\n\n<p><br>Les investissements immobiliers peuvent ouvrir un monde d&#8217;opportunit\u00e9s financi\u00e8res. Chez Grupo Urbanis, nous nous engageons \u00e0 vous aider \u00e0 atteindre vos objectifs d&#8217;investissement en toute s\u00e9curit\u00e9 et avec succ\u00e8s. Commencez votre voyage avec nous d\u00e8s aujourd&#8217;hui !<\/p>\n\n\n\n<p>B\u00c2TIMENTS :<br>Nous disposons de plusieurs b\u00e2timents dont l&#8217;utilisation et l&#8217;\u00e9tat sont indistincts, \u00e0 vendre et \u00e0 louer. Des b\u00e2timents pour des auberges, des appartements touristiques, etc. Dans diff\u00e9rentes localit\u00e9s telles que le Pays Basque, Madrid, les \u00eeles Bal\u00e9ares et la Costa del Sol.<br>H\u00d4TELS :<br>Nous disposons de plusieurs h\u00f4tels avec ou sans op\u00e9rateur au Pays Basque, \u00e0 Madrid, aux Bal\u00e9ares et \u00e0 la Costa del Sol.<br>TERRAINS :<br>Nous disposons de terrains pour le r\u00e9sidentiel, le tertiaire et l&#8217;h\u00f4tellerie dans les principales villes.<br>AUTRES ACTIFS :<br>Nous avons \u00e9galement des r\u00e9sidences pour \u00e9tudiants et des maisons g\u00e9riatriques dans les principales villes.<\/p>\n","protected":false},"excerpt":{"rendered":"<p>\u00abVotre chemin vers la r\u00e9ussite financi\u00e8re\u00bb Bienvenue au Grupo Urbanis et dans un monde passionnant d&#8217;opportunit\u00e9s d&#8217;investissement immobilier. Au Grupo Urbanis, nous comprenons que l&#8217;investissement dans l&#8217;immobilier peut \u00eatre une strat\u00e9gie financi\u00e8re saine et s\u00fbre. Notre mission est de vous fournir les connaissances et les conseils dont vous avez besoin pour faire de vos investissements &hellip; <a href=\"https:\/\/www.grupourbanis.com\/?page_id=380&#038;lang=fr\" class=\"more-link\">Sigue leyendo <span class=\"screen-reader-text\">Investissements immobiliers<\/span><\/a><\/p>\n","protected":false},"author":1,"featured_media":497,"parent":0,"menu_order":0,"comment_status":"closed","ping_status":"closed","template":"","meta":{"_monsterinsights_skip_tracking":false,"_monsterinsights_sitenote_active":false,"_monsterinsights_sitenote_note":"","_monsterinsights_sitenote_category":0,"footnotes":""},"class_list":["post-380","page","type-page","status-publish","has-post-thumbnail","hentry"],"aioseo_notices":[],"jetpack_sharing_enabled":true,"amp_enabled":true,"_links":{"self":[{"href":"https:\/\/www.grupourbanis.com\/index.php?rest_route=\/wp\/v2\/pages\/380","targetHints":{"allow":["GET"]}}],"collection":[{"href":"https:\/\/www.grupourbanis.com\/index.php?rest_route=\/wp\/v2\/pages"}],"about":[{"href":"https:\/\/www.grupourbanis.com\/index.php?rest_route=\/wp\/v2\/types\/page"}],"author":[{"embeddable":true,"href":"https:\/\/www.grupourbanis.com\/index.php?rest_route=\/wp\/v2\/users\/1"}],"replies":[{"embeddable":true,"href":"https:\/\/www.grupourbanis.com\/index.php?rest_route=%2Fwp%2Fv2%2Fcomments&post=380"}],"version-history":[{"count":4,"href":"https:\/\/www.grupourbanis.com\/index.php?rest_route=\/wp\/v2\/pages\/380\/revisions"}],"predecessor-version":[{"id":498,"href":"https:\/\/www.grupourbanis.com\/index.php?rest_route=\/wp\/v2\/pages\/380\/revisions\/498"}],"wp:featuredmedia":[{"embeddable":true,"href":"https:\/\/www.grupourbanis.com\/index.php?rest_route=\/wp\/v2\/media\/497"}],"wp:attachment":[{"href":"https:\/\/www.grupourbanis.com\/index.php?rest_route=%2Fwp%2Fv2%2Fmedia&parent=380"}],"curies":[{"name":"wp","href":"https:\/\/api.w.org\/{rel}","templated":true}]}}