{"id":377,"date":"2023-10-18T16:01:19","date_gmt":"2023-10-18T15:01:19","guid":{"rendered":"http:\/\/www.grupourbanis.com\/?page_id=377"},"modified":"2023-10-18T17:54:30","modified_gmt":"2023-10-18T16:54:30","slug":"contact-2","status":"publish","type":"page","link":"https:\/\/www.grupourbanis.com\/?page_id=377&lang=fr","title":{"rendered":"Contact"},"content":{"rendered":"\n<p class=\"has-text-align-center\">Contactez-nous \u00e0 l&#8217;adresse suivante :<\/p>\n\n\n\n<p class=\"has-text-align-center\">contacto@grupourbanis.com<\/p>\n\n\n\n<p class=\"has-text-align-center\">T\u00e9l\u00e9phone Pays Basque : 944 071 014<\/p>\n\n\n\n<p class=\"has-text-align-center\">T\u00e9l\u00e9phone Costa del Sol : 615 123 591<\/p>\n\n\n<div class=\"wpforms-container wpforms-container-full wpforms-block wpforms-block-66d4c17c-9c67-44cc-98c2-7562a2ca1d91 wpforms-render-modern\" id=\"wpforms-409\"><form id=\"wpforms-form-409\" class=\"wpforms-validate wpforms-form wpforms-ajax-form\" data-formid=\"409\" method=\"post\" enctype=\"multipart\/form-data\" action=\"\/index.php?rest_route=%2Fwp%2Fv2%2Fpages%2F377\" data-token=\"13d63589fd01071831f2f615519ee73a\" data-token-time=\"1778152476\"><noscript class=\"wpforms-error-noscript\">Por favor, activa JavaScript en tu navegador para completar este formulario.<\/noscript><div id=\"wpforms-error-noscript\" style=\"display: none;\">Por favor, activa JavaScript en tu navegador para completar este formulario.<\/div><div class=\"wpforms-field-container\"><div id=\"wpforms-409-field_0-container\" class=\"wpforms-field wpforms-field-name\" data-field-id=\"0\"><label class=\"wpforms-field-label\" for=\"wpforms-409-field_0\">Nom <span class=\"wpforms-required-label\" aria-hidden=\"true\">*<\/span><\/label><input type=\"text\" id=\"wpforms-409-field_0\" class=\"wpforms-field-medium wpforms-field-required\" name=\"wpforms[fields][0]\" aria-errormessage=\"wpforms-409-field_0-error\" required><\/div><div id=\"wpforms-409-field_1-container\" class=\"wpforms-field wpforms-field-email\" data-field-id=\"1\"><label class=\"wpforms-field-label\" for=\"wpforms-409-field_1\">Courrier \u00e9lectronique <span class=\"wpforms-required-label\" aria-hidden=\"true\">*<\/span><\/label><input type=\"email\" id=\"wpforms-409-field_1\" class=\"wpforms-field-medium wpforms-field-required\" name=\"wpforms[fields][1]\" spellcheck=\"false\" aria-errormessage=\"wpforms-409-field_1-error\" required><\/div><div id=\"wpforms-409-field_2-container\" class=\"wpforms-field wpforms-field-textarea\" data-field-id=\"2\"><label class=\"wpforms-field-label\" for=\"wpforms-409-field_2\">Message<\/label><textarea id=\"wpforms-409-field_2\" class=\"wpforms-field-medium\" name=\"wpforms[fields][2]\" aria-errormessage=\"wpforms-409-field_2-error\" ><\/textarea><\/div><\/div><!-- .wpforms-field-container --><div class=\"wpforms-submit-container\" ><input type=\"hidden\" name=\"wpforms[id]\" value=\"409\"><input type=\"hidden\" name=\"page_title\" value=\"\"><input type=\"hidden\" name=\"page_url\" value=\"https:\/\/www.grupourbanis.com\/index.php?rest_route=\/wp\/v2\/pages\/377\"><input type=\"hidden\" name=\"url_referer\" value=\"\"><button type=\"submit\" name=\"wpforms[submit]\" id=\"wpforms-submit-409\" class=\"wpforms-submit\" data-alt-text=\" Envoi en cours\" data-submit-text=\"Envoyer\" aria-live=\"assertive\" value=\"wpforms-submit\">Envoyer<\/button><img loading=\"lazy\" decoding=\"async\" src=\"https:\/\/www.grupourbanis.com\/wp-content\/plugins\/wpforms-lite\/assets\/images\/submit-spin.svg\" class=\"wpforms-submit-spinner\" style=\"display: none;\" width=\"26\" height=\"26\" alt=\"Cargando\"><\/div><\/form><\/div>  <!-- .wpforms-container -->\n\n<div class=\"wp-block-image\">\n<figure class=\"aligncenter size-full is-resized\"><img loading=\"lazy\" decoding=\"async\" width=\"300\" height=\"228\" src=\"http:\/\/www.grupourbanis.com\/wp-content\/uploads\/2023\/10\/image-3.png\" alt=\"\" class=\"wp-image-415\" style=\"aspect-ratio:1.3157894736842106;width:118px;height:auto\"\/><\/figure>\n<\/div>","protected":false},"excerpt":{"rendered":"<p>Contactez-nous \u00e0 l&#8217;adresse suivante : contacto@grupourbanis.com T\u00e9l\u00e9phone Pays Basque : 944 071 014 T\u00e9l\u00e9phone Costa del Sol : 615 123 591<\/p>\n","protected":false},"author":1,"featured_media":211,"parent":0,"menu_order":0,"comment_status":"closed","ping_status":"closed","template":"","meta":{"_monsterinsights_skip_tracking":false,"_monsterinsights_sitenote_active":false,"_monsterinsights_sitenote_note":"","_monsterinsights_sitenote_category":0,"footnotes":""},"class_list":["post-377","page","type-page","status-publish","has-post-thumbnail","hentry"],"aioseo_notices":[],"jetpack_sharing_enabled":true,"amp_enabled":true,"_links":{"self":[{"href":"https:\/\/www.grupourbanis.com\/index.php?rest_route=\/wp\/v2\/pages\/377","targetHints":{"allow":["GET"]}}],"collection":[{"href":"https:\/\/www.grupourbanis.com\/index.php?rest_route=\/wp\/v2\/pages"}],"about":[{"href":"https:\/\/www.grupourbanis.com\/index.php?rest_route=\/wp\/v2\/types\/page"}],"author":[{"embeddable":true,"href":"https:\/\/www.grupourbanis.com\/index.php?rest_route=\/wp\/v2\/users\/1"}],"replies":[{"embeddable":true,"href":"https:\/\/www.grupourbanis.com\/index.php?rest_route=%2Fwp%2Fv2%2Fcomments&post=377"}],"version-history":[{"count":5,"href":"https:\/\/www.grupourbanis.com\/index.php?rest_route=\/wp\/v2\/pages\/377\/revisions"}],"predecessor-version":[{"id":416,"href":"https:\/\/www.grupourbanis.com\/index.php?rest_route=\/wp\/v2\/pages\/377\/revisions\/416"}],"wp:featuredmedia":[{"embeddable":true,"href":"https:\/\/www.grupourbanis.com\/index.php?rest_route=\/wp\/v2\/media\/211"}],"wp:attachment":[{"href":"https:\/\/www.grupourbanis.com\/index.php?rest_route=%2Fwp%2Fv2%2Fmedia&parent=377"}],"curies":[{"name":"wp","href":"https:\/\/api.w.org\/{rel}","templated":true}]}}