{"id":361,"date":"2023-10-18T13:11:53","date_gmt":"2023-10-18T12:11:53","guid":{"rendered":"http:\/\/www.grupourbanis.com\/?page_id=361"},"modified":"2023-10-18T13:19:55","modified_gmt":"2023-10-18T12:19:55","slug":"bienvenue-grupo-urbanis","status":"publish","type":"page","link":"https:\/\/www.grupourbanis.com\/?page_id=361&lang=fr","title":{"rendered":"Bienvenue Grupo Urbanis"},"content":{"rendered":"\n<p>Votre partenaire immobilier de confiance<\/p>\n\n\n\n<p>Au Grupo Urbanis, nous comprenons que l&#8217;achat ou la vente d&#8217;une propri\u00e9t\u00e9 est l&#8217;une des d\u00e9cisions les plus importantes de la vie. Nous sommes fiers d&#8217;\u00eatre votre partenaire de confiance dans le monde passionnant de l&#8217;immobilier. Avec plus de 15 ans d&#8217;exp\u00e9rience et une \u00e9quipe d\u00e9vou\u00e9e, nous sommes l\u00e0 pour rendre votre exp\u00e9rience immobili\u00e8re efficace, r\u00e9ussie et sans stress.<\/p>\n\n\n\n<p>Notre mission :<\/p>\n\n\n\n<p>Notre mission est simple mais puissante : vous aider \u00e0 atteindre vos objectifs immobiliers. Que vous soyez \u00e0 la recherche de votre maison id\u00e9ale, d&#8217;un investissement ou de la vente de votre propri\u00e9t\u00e9 actuelle. Nous nous engageons \u00e0 vous fournir un service exceptionnel et des conseils d&#8217;experts.<\/p>\n\n\n\n<p>Ce que nous offrons :<\/p>\n\n\n\n<p>Expertise professionnelle : notre \u00e9quipe est compos\u00e9e d&#8217;agents immobiliers hautement qualifi\u00e9s et exp\u00e9riment\u00e9s qui connaissent le march\u00e9 local et national.<\/p>\n\n\n\n<p>Conseils personnalis\u00e9s : nous prenons le temps de comprendre vos besoins et vos objectifs individuels, et nous concevons des strat\u00e9gies personnalis\u00e9es pour y r\u00e9pondre.<\/p>\n\n\n\n<p>S\u00e9lection de biens de qualit\u00e9 : nous proposons une s\u00e9lection minutieuse de biens immobiliers, allant des appartements et villas aux terrains et propri\u00e9t\u00e9s commerciales.<\/p>\n\n\n\n<p>Gestion compl\u00e8te : nous vous aidons non seulement \u00e0 trouver le bien qui vous convient, mais nous vous fournissons \u00e9galement des conseils financiers, nous vous aidons \u00e0 effectuer une v\u00e9rification pr\u00e9alable et nous g\u00e9rons la transaction du d\u00e9but \u00e0 la fin.<\/p>\n\n\n\n<p>Transparence et \u00e9thique : Nous accordons une grande importance \u00e0 la transparence et \u00e0 l&#8217;\u00e9thique dans tout ce que nous faisons. Vous pouvez nous faire confiance pour vous fournir des informations pr\u00e9cises et des conseils honn\u00eates.<\/p>\n\n\n\n<p>Commencez votre voyage dans l&#8217;immobilier :<\/p>\n\n\n\n<p>Nous vous invitons \u00e0 explorer notre site web et \u00e0 d\u00e9couvrir nos services. Que vous soyez \u00e0 la recherche de votre prochaine maison, d&#8217;un investissement ou que vous soyez pr\u00eat \u00e0 vendre, le Grupo Urbanis est l\u00e0 pour vous apporter le soutien dont vous avez besoin.<\/p>\n\n\n\n<p>Commencez votre voyage immobilier avec nous d\u00e8s aujourd&#8217;hui !<\/p>\n\n\n\n<p class=\"has-text-align-center\">D\u00e9l\u00e9gation Pays Basque : T\u00e9l. 944 071 014<\/p>\n\n\n\n<p class=\"has-text-align-center\">D\u00e9l\u00e9gation Costa del Sol : T\u00e9l. 615 123 591<\/p>\n\n\n<div class=\"wp-block-image\">\n<figure class=\"aligncenter is-resized\"><img loading=\"lazy\" decoding=\"async\" width=\"300\" height=\"228\" src=\"http:\/\/www.grupourbanis.com\/wp-content\/uploads\/2018\/01\/Logo-Urbanis_color_sin-fondo-1-300x228.png\" alt=\"\" class=\"wp-image-38\" style=\"aspect-ratio:1.3157894736842106;width:110px;height:auto\" srcset=\"https:\/\/www.grupourbanis.com\/wp-content\/uploads\/2018\/01\/Logo-Urbanis_color_sin-fondo-1-300x228.png 300w, https:\/\/www.grupourbanis.com\/wp-content\/uploads\/2018\/01\/Logo-Urbanis_color_sin-fondo-1-768x583.png 768w, https:\/\/www.grupourbanis.com\/wp-content\/uploads\/2018\/01\/Logo-Urbanis_color_sin-fondo-1-1024x778.png 1024w, https:\/\/www.grupourbanis.com\/wp-content\/uploads\/2018\/01\/Logo-Urbanis_color_sin-fondo-1.png 1157w\" sizes=\"auto, (max-width: 300px) 100vw, 300px\" \/><\/figure>\n<\/div>","protected":false},"excerpt":{"rendered":"<p>Votre partenaire immobilier de confiance Au Grupo Urbanis, nous comprenons que l&#8217;achat ou la vente d&#8217;une propri\u00e9t\u00e9 est l&#8217;une des d\u00e9cisions les plus importantes de la vie. Nous sommes fiers d&#8217;\u00eatre votre partenaire de confiance dans le monde passionnant de l&#8217;immobilier. Avec plus de 15 ans d&#8217;exp\u00e9rience et une \u00e9quipe d\u00e9vou\u00e9e, nous sommes l\u00e0 pour &hellip; <a href=\"https:\/\/www.grupourbanis.com\/?page_id=361&#038;lang=fr\" class=\"more-link\">Sigue leyendo <span class=\"screen-reader-text\">Bienvenue Grupo Urbanis<\/span><\/a><\/p>\n","protected":false},"author":1,"featured_media":210,"parent":0,"menu_order":0,"comment_status":"closed","ping_status":"closed","template":"","meta":{"_monsterinsights_skip_tracking":false,"_monsterinsights_sitenote_active":false,"_monsterinsights_sitenote_note":"","_monsterinsights_sitenote_category":0,"footnotes":""},"class_list":["post-361","page","type-page","status-publish","has-post-thumbnail","hentry"],"aioseo_notices":[],"jetpack_sharing_enabled":true,"amp_enabled":true,"_links":{"self":[{"href":"https:\/\/www.grupourbanis.com\/index.php?rest_route=\/wp\/v2\/pages\/361","targetHints":{"allow":["GET"]}}],"collection":[{"href":"https:\/\/www.grupourbanis.com\/index.php?rest_route=\/wp\/v2\/pages"}],"about":[{"href":"https:\/\/www.grupourbanis.com\/index.php?rest_route=\/wp\/v2\/types\/page"}],"author":[{"embeddable":true,"href":"https:\/\/www.grupourbanis.com\/index.php?rest_route=\/wp\/v2\/users\/1"}],"replies":[{"embeddable":true,"href":"https:\/\/www.grupourbanis.com\/index.php?rest_route=%2Fwp%2Fv2%2Fcomments&post=361"}],"version-history":[{"count":7,"href":"https:\/\/www.grupourbanis.com\/index.php?rest_route=\/wp\/v2\/pages\/361\/revisions"}],"predecessor-version":[{"id":368,"href":"https:\/\/www.grupourbanis.com\/index.php?rest_route=\/wp\/v2\/pages\/361\/revisions\/368"}],"wp:featuredmedia":[{"embeddable":true,"href":"https:\/\/www.grupourbanis.com\/index.php?rest_route=\/wp\/v2\/media\/210"}],"wp:attachment":[{"href":"https:\/\/www.grupourbanis.com\/index.php?rest_route=%2Fwp%2Fv2%2Fmedia&parent=361"}],"curies":[{"name":"wp","href":"https:\/\/api.w.org\/{rel}","templated":true}]}}